{"id":115,"date":"2021-03-15T11:00:11","date_gmt":"2021-03-15T14:00:11","guid":{"rendered":"https:\/\/cinemaparatodos.com.br\/web\/?page_id=115"},"modified":"2022-01-14T23:31:20","modified_gmt":"2022-01-15T02:31:20","slug":"equipe-tecnica","status":"publish","type":"page","link":"https:\/\/cinemaparatodos.com.br\/web\/equipe-tecnica\/","title":{"rendered":"Equipe T\u00e9cnica"},"content":{"rendered":"<p><img loading=\"lazy\" decoding=\"async\" src=\"https:\/\/cinemaparatodos.com.br\/web\/wp-content\/uploads\/2021\/03\/topo-ficha-tecnica.png\" alt=\"Cinema para Todos - Ficha T\u00e9cnica\" width=\"212\" height=\"60\" class=\"alignnone size-full wp-image-407\" \/><\/p>\n<p><img loading=\"lazy\" decoding=\"async\" class=\"aligncenter size-full wp-image-389\" src=\"https:\/\/cinemaparatodos.com.br\/web\/wp-content\/uploads\/2021\/03\/foto-topo-ficha-1.jpg\" alt=\"Cinema para Todos - Ficha T\u00e9cnica\" width=\"1024\" height=\"320\" srcset=\"https:\/\/cinemaparatodos.com.br\/web\/wp-content\/uploads\/2021\/03\/foto-topo-ficha-1.jpg 1024w, https:\/\/cinemaparatodos.com.br\/web\/wp-content\/uploads\/2021\/03\/foto-topo-ficha-1-300x94.jpg 300w, https:\/\/cinemaparatodos.com.br\/web\/wp-content\/uploads\/2021\/03\/foto-topo-ficha-1-768x240.jpg 768w\" sizes=\"auto, (max-width: 1024px) 100vw, 1024px\" \/><\/p>\n<p>Ou\u00e7a este conte\u00fado:<br \/>\n<audio class=\"wp-audio-shortcode\" id=\"audio-115-1\" preload=\"none\" style=\"width: 100%;\" controls=\"controls\"><source type=\"audio\/mpeg\" src=\"https:\/\/cinemaparatodos.com.br\/web\/wp-content\/uploads\/2022\/01\/cinema-para-todos-audio-09-equipe.mp3?_=1\" \/><a href=\"https:\/\/cinemaparatodos.com.br\/web\/wp-content\/uploads\/2022\/01\/cinema-para-todos-audio-09-equipe.mp3\">https:\/\/cinemaparatodos.com.br\/web\/wp-content\/uploads\/2022\/01\/cinema-para-todos-audio-09-equipe.mp3<\/a><\/audio><\/p>\n<p>Coordena\u00e7\u00e3o Geral<br \/>\nSTANLEY WHIBBE<\/p>\n<p>Curadoria<br \/>\nNILSON RODRIGUES<\/p>\n<p>Consultoria em Gest\u00e3o<br \/>\nZELITO PASSOS<\/p>\n<p>Produ\u00e7\u00e3o Executiva<br \/>\nMARTIM HAEFLIGER<\/p>\n<p>Coordena\u00e7\u00e3o de Produ\u00e7\u00e3o<br \/>\nRENATA SCHELB<\/p>\n<p>Coordena\u00e7\u00e3o de Filmes<br \/>\nRAFAELLA REZENDE FEITOZA<\/p>\n<p>Comunica\u00e7\u00e3o e M\u00eddias Sociais<br \/>\n\u00c9DER F. YANAGUITA<\/p>\n<p>Realiza\u00e7\u00e3o<br \/>\nSTANLEY PROJETOS EMPRESARIAIS LTDA<\/p>\n<p>Projeto patrocinado pela Lei Aldir Blanc, executada no Estado do Rio de Janeiro pela Secretaria de Estado de Cultura e Economia Criativa (Secec-RJ), pela Secretaria Especial da Cultura e pelo Minist\u00e9rio do Turismo.<\/p>\n<p><img loading=\"lazy\" decoding=\"async\" class=\"size-full wp-image-386 alignnone\" src=\"https:\/\/cinemaparatodos.com.br\/web\/wp-content\/uploads\/2021\/03\/mostra-online-regua-gov-184x262-1.png\" alt=\"Cinema para Todos - Patroc\u00ednio\" width=\"184\" height=\"262\" \/><\/p>\n","protected":false},"excerpt":{"rendered":"<p>Ou\u00e7a este conte\u00fado: Coordena\u00e7\u00e3o Geral STANLEY WHIBBE Curadoria NILSON RODRIGUES Consultoria em Gest\u00e3o ZELITO PASSOS Produ\u00e7\u00e3o Executiva MARTIM HAEFLIGER Coordena\u00e7\u00e3o de Produ\u00e7\u00e3o RENATA SCHELB Coordena\u00e7\u00e3o de Filmes RAFAELLA REZENDE FEITOZA Comunica\u00e7\u00e3o e M\u00eddias Sociais \u00c9DER F. YANAGUITA Realiza\u00e7\u00e3o STANLEY PROJETOS EMPRESARIAIS LTDA Projeto patrocinado pela Lei Aldir Blanc, executada no Estado do Rio de Janeiro [&hellip;]<\/p>\n","protected":false},"author":2,"featured_media":0,"parent":0,"menu_order":5,"comment_status":"closed","ping_status":"closed","template":"","meta":{"footnotes":""},"class_list":["post-115","page","type-page","status-publish","hentry"],"_links":{"self":[{"href":"https:\/\/cinemaparatodos.com.br\/web\/wp-json\/wp\/v2\/pages\/115","targetHints":{"allow":["GET"]}}],"collection":[{"href":"https:\/\/cinemaparatodos.com.br\/web\/wp-json\/wp\/v2\/pages"}],"about":[{"href":"https:\/\/cinemaparatodos.com.br\/web\/wp-json\/wp\/v2\/types\/page"}],"author":[{"embeddable":true,"href":"https:\/\/cinemaparatodos.com.br\/web\/wp-json\/wp\/v2\/users\/2"}],"replies":[{"embeddable":true,"href":"https:\/\/cinemaparatodos.com.br\/web\/wp-json\/wp\/v2\/comments?post=115"}],"version-history":[{"count":31,"href":"https:\/\/cinemaparatodos.com.br\/web\/wp-json\/wp\/v2\/pages\/115\/revisions"}],"predecessor-version":[{"id":560,"href":"https:\/\/cinemaparatodos.com.br\/web\/wp-json\/wp\/v2\/pages\/115\/revisions\/560"}],"wp:attachment":[{"href":"https:\/\/cinemaparatodos.com.br\/web\/wp-json\/wp\/v2\/media?parent=115"}],"curies":[{"name":"wp","href":"https:\/\/api.w.org\/{rel}","templated":true}]}}