{"id":519,"date":"2022-01-14T22:07:56","date_gmt":"2022-01-15T01:07:56","guid":{"rendered":"https:\/\/cinemaparatodos.com.br\/web\/?page_id=519"},"modified":"2022-01-14T22:11:05","modified_gmt":"2022-01-15T01:11:05","slug":"justificativa","status":"publish","type":"page","link":"https:\/\/cinemaparatodos.com.br\/web\/justificativa\/","title":{"rendered":"Justificativa"},"content":{"rendered":"<p><img loading=\"lazy\" decoding=\"async\" src=\"https:\/\/cinemaparatodos.com.br\/web\/wp-content\/uploads\/2021\/03\/topo-justificativa.png\" alt=\"Cinema para Todos - Justificativa\" width=\"212\" height=\"60\" class=\"alignnone size-full wp-image-441\" \/><\/p>\n<p><img loading=\"lazy\" decoding=\"async\" src=\"https:\/\/cinemaparatodos.com.br\/web\/wp-content\/uploads\/2022\/01\/foto-topo-justificativa.jpg\" alt=\"Cinema para Todos - Justificativa\" width=\"1024\" height=\"320\" class=\"alignnone size-full wp-image-531\" srcset=\"https:\/\/cinemaparatodos.com.br\/web\/wp-content\/uploads\/2022\/01\/foto-topo-justificativa.jpg 1024w, https:\/\/cinemaparatodos.com.br\/web\/wp-content\/uploads\/2022\/01\/foto-topo-justificativa-300x94.jpg 300w, https:\/\/cinemaparatodos.com.br\/web\/wp-content\/uploads\/2022\/01\/foto-topo-justificativa-768x240.jpg 768w\" sizes=\"auto, (max-width: 1024px) 100vw, 1024px\" \/><\/p>\n<p>Ou\u00e7a este conte\u00fado:<br \/>\n<audio class=\"wp-audio-shortcode\" id=\"audio-519-1\" preload=\"none\" style=\"width: 100%;\" controls=\"controls\"><source type=\"audio\/mpeg\" src=\"https:\/\/cinemaparatodos.com.br\/web\/wp-content\/uploads\/2022\/01\/cinema-para-todos-audio-02-justificativa.mp3?_=1\" \/><a href=\"https:\/\/cinemaparatodos.com.br\/web\/wp-content\/uploads\/2022\/01\/cinema-para-todos-audio-02-justificativa.mp3\">https:\/\/cinemaparatodos.com.br\/web\/wp-content\/uploads\/2022\/01\/cinema-para-todos-audio-02-justificativa.mp3<\/a><\/audio><\/p>\n<p>O Estado brasileiro enfrenta o desafio de fazer avan\u00e7ar pol\u00edticas p\u00fablicas de acessibilidade para pessoas com defici\u00eancia (PcD).<\/p>\n<p>\u00c9 fato tamb\u00e9m que o cinema brasileiro vive um de seus melhores momentos. <\/p>\n<p>Entretanto, o fator acessibilidade parece correr na contram\u00e3o desses n\u00fameros. Apesar de observamos no Brasil algumas iniciativas que favorecem a acessibilidade \u00e0 arte, especificamente em grandes centros urbanos, ainda s\u00e3o incipientes as a\u00e7\u00f5es concretas e duradouras nesse aspecto.  <\/p>\n<p>Filmes brasileiros fazem parte do processo cultural do Pa\u00eds, estimulam o imagin\u00e1rio. Ao possibilitar o acolhimento da parcela da popula\u00e7\u00e3o formada por surdos, a <strong>Mostra Online Cinema para Todos (Acesso Brasil)<\/strong> se somar\u00e1 \u00e0 campanha expressa com o lema: &#8220;Legenda para quem n\u00e3o ouve, mas se emociona&#8221;.<\/p>\n<p>Sendo assim, este evento visa \u00e0 inclus\u00e3o do deficiente auditivo no universo da cinematografia nacional e, com isso, reconhecer a import\u00e2ncia de tornar o produto cultural audiovisual mais acess\u00edvel \u00e0 popula\u00e7\u00e3o surda.<\/p>\n<p>Realizado este ano no formato online, al\u00e9m das cinco sess\u00f5es regulares, a Mostra promover\u00e1 debates com tradu\u00e7\u00e3o em libras, reunindo especialistas como diretores, atores, roteiristas, cr\u00edticos etc. <\/p>\n<p>A experi\u00eancia de frui\u00e7\u00e3o &#8211; seguida de palestra e debates &#8211; permitir\u00e1 uma discuss\u00e3o rica e produtiva sobre a cinematografia nacional e, ao mesmo tempo, ir\u00e1 favorecer a aproxima\u00e7\u00e3o do cinema com as PcD e, com isso, contribuir para a forma\u00e7\u00e3o de plateia para o cinema nacional.<\/p>\n<p>O projeto contribui para a constru\u00e7\u00e3o de uma agenda de solidariedade por meio da cultura, al\u00e9m de estimular no futuro outras iniciativas inclusivas no campo do lazer cultural, abrindo espa\u00e7o para outros projetos que possam atender pessoas com outros tipos de defici\u00eancias.<\/p>\n<p>A <strong>Mostra Online Cinema para Todos (Acesso Brasil)<\/strong> tem o patroc\u00ednio da Lei Aldir Blanc, executada no Estado do Rio de Janeiro pela Secretaria de Estado de Cultura e Economia Criativa e pela Secretaria Especial da Cultura do Minist\u00e9rio do Turismo.<\/p>\n<p><img loading=\"lazy\" decoding=\"async\" src=\"https:\/\/cinemaparatodos.com.br\/web\/wp-content\/uploads\/2021\/03\/mostra-online-regua-gov-184x262-1.png\" alt=\"Cinema para Todos - Patroc\u00ednio\" width=\"184\" height=\"262\" class=\"alignnone size-full wp-image-386\" \/><\/p>\n","protected":false},"excerpt":{"rendered":"<p>Ou\u00e7a este conte\u00fado: O Estado brasileiro enfrenta o desafio de fazer avan\u00e7ar pol\u00edticas p\u00fablicas de acessibilidade para pessoas com defici\u00eancia (PcD). \u00c9 fato tamb\u00e9m que o cinema brasileiro vive um de seus melhores momentos. Entretanto, o fator acessibilidade parece correr na contram\u00e3o desses n\u00fameros. Apesar de observamos no Brasil algumas iniciativas que favorecem a acessibilidade [&hellip;]<\/p>\n","protected":false},"author":2,"featured_media":0,"parent":0,"menu_order":2,"comment_status":"closed","ping_status":"closed","template":"","meta":{"footnotes":""},"class_list":["post-519","page","type-page","status-publish","hentry"],"_links":{"self":[{"href":"https:\/\/cinemaparatodos.com.br\/web\/wp-json\/wp\/v2\/pages\/519","targetHints":{"allow":["GET"]}}],"collection":[{"href":"https:\/\/cinemaparatodos.com.br\/web\/wp-json\/wp\/v2\/pages"}],"about":[{"href":"https:\/\/cinemaparatodos.com.br\/web\/wp-json\/wp\/v2\/types\/page"}],"author":[{"embeddable":true,"href":"https:\/\/cinemaparatodos.com.br\/web\/wp-json\/wp\/v2\/users\/2"}],"replies":[{"embeddable":true,"href":"https:\/\/cinemaparatodos.com.br\/web\/wp-json\/wp\/v2\/comments?post=519"}],"version-history":[{"count":5,"href":"https:\/\/cinemaparatodos.com.br\/web\/wp-json\/wp\/v2\/pages\/519\/revisions"}],"predecessor-version":[{"id":538,"href":"https:\/\/cinemaparatodos.com.br\/web\/wp-json\/wp\/v2\/pages\/519\/revisions\/538"}],"wp:attachment":[{"href":"https:\/\/cinemaparatodos.com.br\/web\/wp-json\/wp\/v2\/media?parent=519"}],"curies":[{"name":"wp","href":"https:\/\/api.w.org\/{rel}","templated":true}]}}